{"id":96,"date":"2017-02-23T22:17:20","date_gmt":"2017-02-23T21:17:20","guid":{"rendered":"http:\/\/neu.maniwollner.de\/?page_id=96"},"modified":"2017-02-26T18:09:27","modified_gmt":"2017-02-26T17:09:27","slug":"ueber-mich","status":"publish","type":"page","link":"https:\/\/maniwollner.de\/?page_id=96","title":{"rendered":"Was kann ich f\u00fcr Sie tun?"},"content":{"rendered":"<p><a href=\"https:\/\/maniwollner.de\/wordpress\/wp-content\/uploads\/2017\/02\/DX_6539.jpg\" rel=\"lightbox[96]\"><img loading=\"lazy\" decoding=\"async\" class=\"alignleft wp-image-9\" src=\"https:\/\/maniwollner.de\/wordpress\/wp-content\/uploads\/2017\/02\/DX_6539-1024x683.jpg\" width=\"600\" height=\"400\" srcset=\"https:\/\/maniwollner.de\/wordpress\/wp-content\/uploads\/2017\/02\/DX_6539-1024x683.jpg 1024w, https:\/\/maniwollner.de\/wordpress\/wp-content\/uploads\/2017\/02\/DX_6539-300x200.jpg 300w, https:\/\/maniwollner.de\/wordpress\/wp-content\/uploads\/2017\/02\/DX_6539-768x512.jpg 768w, https:\/\/maniwollner.de\/wordpress\/wp-content\/uploads\/2017\/02\/DX_6539.jpg 1600w\" sizes=\"(max-width: 600px) 100vw, 600px\" \/><\/a>Sie suchen Unterst\u00fctzung bei der visuellen Umsetzung Ihres Auftritts?<br \/>\nOb klassisches Druckerzeugnis, Foto oder Internet \u2013 ich h\u00e4tte da ein paar Ideen \u2026<\/p>\n<p>Sie sind herzlich eingeladen sich ein Bild von machen. Ich w\u00fcnsche viel Spa\u00df beim St\u00f6bern!<br \/>\nDanach wenden Sie sich gerne mit Ihren Fragen an mich.<\/p>\n","protected":false},"excerpt":{"rendered":"<p>Sie suchen Unterst\u00fctzung bei der visuellen Umsetzung Ihres Auftritts? Ob klassisches Druckerzeugnis, Foto oder Internet \u2013 ich h\u00e4tte da ein paar Ideen \u2026 Sie sind herzlich eingeladen sich ein Bild &#8230;<\/p>\n","protected":false},"author":1,"featured_media":9,"parent":0,"menu_order":0,"comment_status":"closed","ping_status":"closed","template":"","meta":{"footnotes":""},"_links":{"self":[{"href":"https:\/\/maniwollner.de\/index.php?rest_route=\/wp\/v2\/pages\/96"}],"collection":[{"href":"https:\/\/maniwollner.de\/index.php?rest_route=\/wp\/v2\/pages"}],"about":[{"href":"https:\/\/maniwollner.de\/index.php?rest_route=\/wp\/v2\/types\/page"}],"author":[{"embeddable":true,"href":"https:\/\/maniwollner.de\/index.php?rest_route=\/wp\/v2\/users\/1"}],"replies":[{"embeddable":true,"href":"https:\/\/maniwollner.de\/index.php?rest_route=%2Fwp%2Fv2%2Fcomments&post=96"}],"version-history":[{"count":4,"href":"https:\/\/maniwollner.de\/index.php?rest_route=\/wp\/v2\/pages\/96\/revisions"}],"predecessor-version":[{"id":227,"href":"https:\/\/maniwollner.de\/index.php?rest_route=\/wp\/v2\/pages\/96\/revisions\/227"}],"wp:featuredmedia":[{"embeddable":true,"href":"https:\/\/maniwollner.de\/index.php?rest_route=\/wp\/v2\/media\/9"}],"wp:attachment":[{"href":"https:\/\/maniwollner.de\/index.php?rest_route=%2Fwp%2Fv2%2Fmedia&parent=96"}],"curies":[{"name":"wp","href":"https:\/\/api.w.org\/{rel}","templated":true}]}}