{"id":31,"date":"2017-02-23T17:11:00","date_gmt":"2017-02-23T16:11:00","guid":{"rendered":"http:\/\/neu.maniwollner.de\/wordpress\/?page_id=31"},"modified":"2018-01-28T17:33:45","modified_gmt":"2018-01-28T16:33:45","slug":"foto","status":"publish","type":"page","link":"https:\/\/maniwollner.de\/?page_id=31","title":{"rendered":"Foto"},"content":{"rendered":"<p><a href=\"https:\/\/maniwollner.de\/wordpress\/wp-content\/uploads\/2017\/02\/D1Y7006-Arbeitskopie-2.jpg\" rel=\"lightbox[31]\"><img loading=\"lazy\" decoding=\"async\" class=\"alignleft wp-image-11\" src=\"https:\/\/maniwollner.de\/wordpress\/wp-content\/uploads\/2017\/02\/D1Y7006-Arbeitskopie-2-1024x682.jpg\" width=\"600\" height=\"400\" srcset=\"https:\/\/maniwollner.de\/wordpress\/wp-content\/uploads\/2017\/02\/D1Y7006-Arbeitskopie-2-1024x682.jpg 1024w, https:\/\/maniwollner.de\/wordpress\/wp-content\/uploads\/2017\/02\/D1Y7006-Arbeitskopie-2-300x200.jpg 300w, https:\/\/maniwollner.de\/wordpress\/wp-content\/uploads\/2017\/02\/D1Y7006-Arbeitskopie-2-768x512.jpg 768w, https:\/\/maniwollner.de\/wordpress\/wp-content\/uploads\/2017\/02\/D1Y7006-Arbeitskopie-2.jpg 1600w\" sizes=\"(max-width: 600px) 100vw, 600px\" \/><\/a>Gerne fotografiere ich in Ihrem Auftrag \u2013 bitte fragen Sie an!<\/p>\n<p>Dar\u00fcber hinaus verf\u00fcge ich \u00fcber einen gro\u00dfen Fotopool, z.B. zur Bebilderung Ihrer Webseite.<br \/>\nAlles weitere erfahren Sie auf meinen Fotoseiten\u00a0<a href=\"http:\/\/www.manifoto.de\">manifoto.de<\/a>\u00a0und <a href=\"https:\/\/manirennfoto.de\">maniRENNfoto.de<\/a><\/p>\n","protected":false},"excerpt":{"rendered":"<p>Gerne fotografiere ich in Ihrem Auftrag \u2013 bitte fragen Sie an! Dar\u00fcber hinaus verf\u00fcge ich \u00fcber einen gro\u00dfen Fotopool, z.B. zur Bebilderung Ihrer Webseite. Alles weitere erfahren Sie auf meinen &#8230;<\/p>\n","protected":false},"author":1,"featured_media":11,"parent":0,"menu_order":0,"comment_status":"closed","ping_status":"closed","template":"","meta":{"footnotes":""},"_links":{"self":[{"href":"https:\/\/maniwollner.de\/index.php?rest_route=\/wp\/v2\/pages\/31"}],"collection":[{"href":"https:\/\/maniwollner.de\/index.php?rest_route=\/wp\/v2\/pages"}],"about":[{"href":"https:\/\/maniwollner.de\/index.php?rest_route=\/wp\/v2\/types\/page"}],"author":[{"embeddable":true,"href":"https:\/\/maniwollner.de\/index.php?rest_route=\/wp\/v2\/users\/1"}],"replies":[{"embeddable":true,"href":"https:\/\/maniwollner.de\/index.php?rest_route=%2Fwp%2Fv2%2Fcomments&post=31"}],"version-history":[{"count":5,"href":"https:\/\/maniwollner.de\/index.php?rest_route=\/wp\/v2\/pages\/31\/revisions"}],"predecessor-version":[{"id":255,"href":"https:\/\/maniwollner.de\/index.php?rest_route=\/wp\/v2\/pages\/31\/revisions\/255"}],"wp:featuredmedia":[{"embeddable":true,"href":"https:\/\/maniwollner.de\/index.php?rest_route=\/wp\/v2\/media\/11"}],"wp:attachment":[{"href":"https:\/\/maniwollner.de\/index.php?rest_route=%2Fwp%2Fv2%2Fmedia&parent=31"}],"curies":[{"name":"wp","href":"https:\/\/api.w.org\/{rel}","templated":true}]}}