{"id":147,"date":"2017-02-23T23:55:45","date_gmt":"2017-02-23T22:55:45","guid":{"rendered":"http:\/\/neu.maniwollner.de\/?page_id=147"},"modified":"2019-02-06T22:39:01","modified_gmt":"2019-02-06T21:39:01","slug":"kontakt","status":"publish","type":"page","link":"https:\/\/maniwollner.de\/?page_id=147","title":{"rendered":"Kontakt"},"content":{"rendered":"<p>Am besten und zuverl\u00e4ssigsten\u00a0bin ich per Mail erreichbar \u2013\u00a0bitte schildern Sie mir kurz worum es geht, und ich melde mich umgehend zur\u00fcck. Auf Wunsch selbstverst\u00e4ndlich auch telefonisch, wenn m\u00f6glich gerne zu ihrem Wunschtermin.<\/p>\n<p>Montags bis Freitags zwischen 10 und 18 Uhr sind die\u00a0Chancen mich telefonisch zu erwischen recht gut.<\/p>\n<p>Tel.+49 \u00a02228\/91 35 400<br \/>\nFax +49\u00a02228\/91 35 401<\/p>\n<p><a href=\"mailto:info@maniwollner.de\">email: info@maniwollner.de<\/a><br \/>\n<a href=\"https:\/\/maniwollner.de\">maniwollner.de<br \/>\n<\/a><a href=\"http:\/\/manifoto.de\/\">manifoto.de<\/a><\/p>\n","protected":false},"excerpt":{"rendered":"<p>Am besten und zuverl\u00e4ssigsten\u00a0bin ich per Mail erreichbar \u2013\u00a0bitte schildern Sie mir kurz worum es geht, und ich melde mich umgehend zur\u00fcck. Auf Wunsch selbstverst\u00e4ndlich auch telefonisch, wenn m\u00f6glich gerne &#8230;<\/p>\n","protected":false},"author":1,"featured_media":0,"parent":0,"menu_order":0,"comment_status":"closed","ping_status":"closed","template":"","meta":{"footnotes":""},"_links":{"self":[{"href":"https:\/\/maniwollner.de\/index.php?rest_route=\/wp\/v2\/pages\/147"}],"collection":[{"href":"https:\/\/maniwollner.de\/index.php?rest_route=\/wp\/v2\/pages"}],"about":[{"href":"https:\/\/maniwollner.de\/index.php?rest_route=\/wp\/v2\/types\/page"}],"author":[{"embeddable":true,"href":"https:\/\/maniwollner.de\/index.php?rest_route=\/wp\/v2\/users\/1"}],"replies":[{"embeddable":true,"href":"https:\/\/maniwollner.de\/index.php?rest_route=%2Fwp%2Fv2%2Fcomments&post=147"}],"version-history":[{"count":5,"href":"https:\/\/maniwollner.de\/index.php?rest_route=\/wp\/v2\/pages\/147\/revisions"}],"predecessor-version":[{"id":319,"href":"https:\/\/maniwollner.de\/index.php?rest_route=\/wp\/v2\/pages\/147\/revisions\/319"}],"wp:attachment":[{"href":"https:\/\/maniwollner.de\/index.php?rest_route=%2Fwp%2Fv2%2Fmedia&parent=147"}],"curies":[{"name":"wp","href":"https:\/\/api.w.org\/{rel}","templated":true}]}}